{"id":20866,"date":"2025-07-08T08:06:41","date_gmt":"2025-07-08T06:06:41","guid":{"rendered":"https:\/\/new.samsha.es\/?post_type=product&#038;p=20866"},"modified":"2026-03-31T14:16:48","modified_gmt":"2026-03-31T12:16:48","slug":"reserva","status":"publish","type":"product","link":"https:\/\/samsha.es\/index.php\/producto\/reserva\/","title":{"rendered":"RESERVA"},"content":{"rendered":"\t\t<div data-elementor-type=\"wp-post\" data-elementor-id=\"20866\" class=\"elementor elementor-20866\" data-elementor-post-type=\"product\">\n\t\t\t\t\t\t<section class=\"elementor-section elementor-top-section elementor-element elementor-element-6955cd4 elementor-section-boxed elementor-section-height-default elementor-section-height-default\" data-id=\"6955cd4\" data-element_type=\"section\">\n\t\t\t\t\t\t<div class=\"elementor-container elementor-column-gap-default\">\n\t\t\t\t\t<div class=\"elementor-column elementor-col-100 elementor-top-column elementor-element elementor-element-f999393\" data-id=\"f999393\" data-element_type=\"column\">\n\t\t\t<div class=\"elementor-widget-wrap elementor-element-populated\">\n\t\t\t\t\t\t<div class=\"elementor-element elementor-element-8fa1471 elementor-widget elementor-widget-text-editor\" data-id=\"8fa1471\" data-element_type=\"widget\" data-widget_type=\"text-editor.default\">\n\t\t\t\t<div class=\"elementor-widget-container\">\n\t\t\t\t\t\t\t\t\t<p><!--StartFragment --><\/p><p>\u2139\ufe0f Informaci\u00f3n importante sobre tu experiencia<\/p><ul><li>La experiencia est\u00e1 dise\u00f1ada para <strong>grupos en m\u00faltiplos de 2 personas<\/strong>.<\/li><li>Cada pase es para un <strong>m\u00e1ximo de 12 comensales<\/strong>, con un <strong>l\u00edmite de 6 personas por reserva<\/strong>.<\/li><li>La duraci\u00f3n aproximada es de <strong>3 horas<\/strong>.<\/li><\/ul><p>\u23f0 <strong>Puntualidad obligatoria<\/strong><\/p><ul><li>No disponemos de sala de espera.<\/li><li><strong>Abrimos puertas 15 minutos antes<\/strong> de la hora reservada para acomodar a los comensales.<\/li><li>El espect\u00e1culo comenzar\u00e1 <strong>puntualmente<\/strong>.<\/li><li><strong>No se permitir\u00e1 el acceso una vez iniciado<\/strong>, salvo en los momentos en que el desarrollo del show lo permita.<\/li><\/ul><p>\u26a0\ufe0f <strong>Condiciones excepcionales<\/strong><br \/>En caso de incidencias t\u00e9cnicas <strong>ajenas a la voluntad de Samsha<\/strong>, el espect\u00e1culo podr\u00eda suspenderse. En ese caso, se <strong>reembolsar\u00e1 \u00edntegramente el importe de la entrada<\/strong>.<\/p><p><!--EndFragment --><\/p>\t\t\t\t\t\t\t\t<\/div>\n\t\t\t\t<\/div>\n\t\t\t\t\t<\/div>\n\t\t<\/div>\n\t\t\t\t\t<\/div>\n\t\t<\/section>\n\t\t\t\t<\/div>\n\t\t","protected":false},"excerpt":{"rendered":"<p><!--StartFragment --><\/p>\n<p>\ud83d\udd39\u202f<strong>Selecciona n\u00ba de personas<\/strong> (solo m\u00faltiplos de 2, m\u00e1ximo 6).<br \/>\n\ud83d\udd39\u202f<strong>Precio<\/strong>: 150\u202f\u20ac\/persona (IVA incl.), incluye men\u00fa degustaci\u00f3n.<br \/>\n\ud83d\udd39\u202f<strong>Bebidas no incluidas<\/strong>, salvo agua.<br \/>\n\ud83d\udd39\u202fM\u00e1s abajo, en <strong>A\u00d1ADIR M\u00c1S<\/strong>, podr\u00e1s incluir si lo deseas con <strong>maridaje<\/strong> o <strong>maridaje sin alcohol<\/strong>.<\/p>\n<p><!--EndFragment --><\/p>\n","protected":false},"featured_media":21384,"template":"","meta":{"site-sidebar-layout":"no-sidebar","site-content-layout":"page-builder","ast-site-content-layout":"normal-width-container","site-content-style":"unboxed","site-sidebar-style":"unboxed","ast-global-header-display":"","ast-banner-title-visibility":"","ast-main-header-display":"disabled","ast-hfb-above-header-display":"","ast-hfb-below-header-display":"","ast-hfb-mobile-header-display":"","site-post-title":"","ast-breadcrumbs-content":"","ast-featured-img":"disabled","footer-sml-layout":"","theme-transparent-header-meta":"default","adv-header-id-meta":"","stick-header-meta":"","header-above-stick-meta":"","header-main-stick-meta":"","header-below-stick-meta":"","astra-migrate-meta-layouts":"set","ast-page-background-enabled":"default","ast-page-background-meta":{"desktop":{"background-color":"","background-image":"","background-repeat":"repeat","background-position":"center center","background-size":"auto","background-attachment":"scroll","background-type":"","background-media":"","overlay-type":"","overlay-color":"","overlay-opacity":"","overlay-gradient":""},"tablet":{"background-color":"","background-image":"","background-repeat":"repeat","background-position":"center center","background-size":"auto","background-attachment":"scroll","background-type":"","background-media":"","overlay-type":"","overlay-color":"","overlay-opacity":"","overlay-gradient":""},"mobile":{"background-color":"","background-image":"","background-repeat":"repeat","background-position":"center center","background-size":"auto","background-attachment":"scroll","background-type":"","background-media":"","overlay-type":"","overlay-color":"","overlay-opacity":"","overlay-gradient":""}},"ast-content-background-meta":{"desktop":{"background-color":"var(--ast-global-color-5)","background-image":"","background-repeat":"repeat","background-position":"center center","background-size":"auto","background-attachment":"scroll","background-type":"","background-media":"","overlay-type":"","overlay-color":"","overlay-opacity":"","overlay-gradient":""},"tablet":{"background-color":"var(--ast-global-color-5)","background-image":"","background-repeat":"repeat","background-position":"center center","background-size":"auto","background-attachment":"scroll","background-type":"","background-media":"","overlay-type":"","overlay-color":"","overlay-opacity":"","overlay-gradient":""},"mobile":{"background-color":"var(--ast-global-color-5)","background-image":"","background-repeat":"repeat","background-position":"center center","background-size":"auto","background-attachment":"scroll","background-type":"","background-media":"","overlay-type":"","overlay-color":"","overlay-opacity":"","overlay-gradient":""}}},"product_brand":[],"product_cat":[17],"product_tag":[],"class_list":{"0":"post-20866","1":"product","2":"type-product","3":"status-publish","4":"has-post-thumbnail","6":"product_cat-sin-categorizar","7":"desktop-align-left","8":"tablet-align-left","9":"mobile-align-left","11":"first","12":"instock","13":"virtual","14":"sold-individually","15":"purchasable","16":"product-type-booking"},"_links":{"self":[{"href":"https:\/\/samsha.es\/index.php\/wp-json\/wp\/v2\/product\/20866","targetHints":{"allow":["GET"]}}],"collection":[{"href":"https:\/\/samsha.es\/index.php\/wp-json\/wp\/v2\/product"}],"about":[{"href":"https:\/\/samsha.es\/index.php\/wp-json\/wp\/v2\/types\/product"}],"wp:featuredmedia":[{"embeddable":true,"href":"https:\/\/samsha.es\/index.php\/wp-json\/wp\/v2\/media\/21384"}],"wp:attachment":[{"href":"https:\/\/samsha.es\/index.php\/wp-json\/wp\/v2\/media?parent=20866"}],"wp:term":[{"taxonomy":"product_brand","embeddable":true,"href":"https:\/\/samsha.es\/index.php\/wp-json\/wp\/v2\/product_brand?post=20866"},{"taxonomy":"product_cat","embeddable":true,"href":"https:\/\/samsha.es\/index.php\/wp-json\/wp\/v2\/product_cat?post=20866"},{"taxonomy":"product_tag","embeddable":true,"href":"https:\/\/samsha.es\/index.php\/wp-json\/wp\/v2\/product_tag?post=20866"}],"curies":[{"name":"wp","href":"https:\/\/api.w.org\/{rel}","templated":true}]}}