{"id":20768,"date":"2025-06-17T23:11:30","date_gmt":"2025-06-17T21:11:30","guid":{"rendered":"https:\/\/new.samsha.es\/?post_type=product&#038;p=20768"},"modified":"2026-03-31T15:17:31","modified_gmt":"2026-03-31T13:17:31","slug":"regala","status":"publish","type":"product","link":"https:\/\/samsha.es\/index.php\/producto\/regala\/","title":{"rendered":"REGALA SAMSHA"},"content":{"rendered":"<p><!--StartFragment --><\/p>\n<div class=\"mceTemp\"><\/div>\n<p>\ud83c\udf81 <strong>Tarjeta Regalo Samsha<\/strong><br \/>\nRegala una experiencia gastron\u00f3mica \u00fanica para dos personas en Samsha. La tarjeta regalo se env\u00eda por correo electr\u00f3nico justo en el momento en que se realiza la compra.<\/p>\n<p>Al comprarla, te pediremos:<\/p>\n<ul>\n<li>El nombre del destinatario<\/li>\n<li>Su correo electr\u00f3nico<\/li>\n<li>Un mensaje personalizado<\/li>\n<\/ul>\n<p>\ud83d\udce9 <strong>Importante<\/strong><br \/>\nLa tarjeta se env\u00eda autom\u00e1ticamente al correo que indiques en el momento de la compra. No se puede programar para otro d\u00eda ni enviarla m\u00e1s tarde.<\/p>\n<p>\ud83d\udc49 Si no tienes el correo del destinatario o prefieres enviarla t\u00fa mismo en otro momento, escribe tu propio correo electr\u00f3nico. As\u00ed recibir\u00e1s la tarjeta en tu bandeja de entrada y podr\u00e1s reenviarla cuando quieras.<\/p>\n<p><!--EndFragment --><\/p>\n","protected":false},"excerpt":{"rendered":"<p><script>\n  document.addEventListener(\"DOMContentLoaded\", function() {\n    if (document.body.classList.contains(\"postid-21010\")) {\n      const precio = document.querySelector(\".elementor-widget-woocommerce-product-price\");\n      if (precio) {\n        precio.style.display = \"none\";\n      }\n    }\n  });\n<\/script><\/p>\n<div class=\"elementor-element elementor-element-a224568 elementor-widget elementor-widget-heading\" data-id=\"a224568\" data-element_type=\"widget\" data-widget_type=\"heading.default\">\n<div class=\"elementor-widget-container\">\n<p class=\"elementor-heading-title elementor-size-default\" style=\"text-align: center;\"><strong><span style=\"font-size: 1.7em;\">UNA EXPERIENCIA \u00daNICA<\/span><\/strong><\/p>\n<\/div>\n<\/div>\n<div class=\"elementor-element elementor-element-ba44b00 elementor-widget elementor-widget-text-editor\" style=\"text-align: center;\" data-id=\"ba44b00\" data-element_type=\"widget\" data-widget_type=\"text-editor.default\">\n<div class=\"elementor-widget-container\">\n<p>Si est\u00e1s pensando en regalar algo \u00fanico, especial e inolvidable, te ofrecemos regalar la mayor experiencia gastron\u00f3mica.<\/p>\n<p>Regala Samsha. Adquiere un cheque regalo con fecha abierta para que puedan disfrutar de la experiencia en un d\u00eda especial.<\/p>\n<\/div>\n<\/div>\n<div class=\"elementor-element elementor-element-ec0e060 elementor-widget elementor-widget-image\" style=\"text-align: center;\" data-id=\"ec0e060\" data-element_type=\"widget\" data-widget_type=\"image.default\">\n<div><\/div>\n<div class=\"elementor-widget-container\">\ud83d\udce9 <strong style=\"font-size: 16px;\">Importante<\/strong><\/div>\n<\/div>\n<div class=\"elementor-element elementor-element-1b84c92 elementor-widget elementor-widget-text-editor\" data-id=\"1b84c92\" data-element_type=\"widget\" data-widget_type=\"text-editor.default\">\n<div style=\"color: red; text-align: center;\">\n<p>La tarjeta se env\u00eda autom\u00e1ticamente al correo que indiques en el momento de la compra. No se puede programar para otro d\u00eda ni enviarla m\u00e1s tarde.<\/p>\n<p>\ud83d\udc49 Si no tienes el correo del destinatario o prefieres enviarla t\u00fa mismo en otro momento, escribe tu propio correo electr\u00f3nico. As\u00ed recibir\u00e1s la tarjeta en tu bandeja de entrada y podr\u00e1s reenviarla cuando quieras.<\/p>\n<\/div>\n<p style=\"text-align: center;\">La reserva tiene una validez de 6 meses.<\/p>\n<\/div>\n<p style=\"text-align: center;\"><strong>Personaliza tu regalo (PARA 2 PERSONAS):<\/strong><\/p>\n","protected":false},"featured_media":20973,"template":"","meta":{"site-sidebar-layout":"no-sidebar","site-content-layout":"page-builder","ast-site-content-layout":"normal-width-container","site-content-style":"unboxed","site-sidebar-style":"unboxed","ast-global-header-display":"","ast-banner-title-visibility":"","ast-main-header-display":"disabled","ast-hfb-above-header-display":"","ast-hfb-below-header-display":"","ast-hfb-mobile-header-display":"","site-post-title":"disabled","ast-breadcrumbs-content":"","ast-featured-img":"disabled","footer-sml-layout":"","theme-transparent-header-meta":"default","adv-header-id-meta":"","stick-header-meta":"","header-above-stick-meta":"","header-main-stick-meta":"","header-below-stick-meta":"","astra-migrate-meta-layouts":"set","ast-page-background-enabled":"default","ast-page-background-meta":{"desktop":{"background-color":"","background-image":"","background-repeat":"repeat","background-position":"center center","background-size":"auto","background-attachment":"scroll","background-type":"","background-media":"","overlay-type":"","overlay-color":"","overlay-opacity":"","overlay-gradient":""},"tablet":{"background-color":"","background-image":"","background-repeat":"repeat","background-position":"center center","background-size":"auto","background-attachment":"scroll","background-type":"","background-media":"","overlay-type":"","overlay-color":"","overlay-opacity":"","overlay-gradient":""},"mobile":{"background-color":"","background-image":"","background-repeat":"repeat","background-position":"center center","background-size":"auto","background-attachment":"scroll","background-type":"","background-media":"","overlay-type":"","overlay-color":"","overlay-opacity":"","overlay-gradient":""}},"ast-content-background-meta":{"desktop":{"background-color":"var(--ast-global-color-5)","background-image":"","background-repeat":"repeat","background-position":"center center","background-size":"auto","background-attachment":"scroll","background-type":"","background-media":"","overlay-type":"","overlay-color":"","overlay-opacity":"","overlay-gradient":""},"tablet":{"background-color":"var(--ast-global-color-5)","background-image":"","background-repeat":"repeat","background-position":"center center","background-size":"auto","background-attachment":"scroll","background-type":"","background-media":"","overlay-type":"","overlay-color":"","overlay-opacity":"","overlay-gradient":""},"mobile":{"background-color":"var(--ast-global-color-5)","background-image":"","background-repeat":"repeat","background-position":"center center","background-size":"auto","background-attachment":"scroll","background-type":"","background-media":"","overlay-type":"","overlay-color":"","overlay-opacity":"","overlay-gradient":""}}},"product_brand":[],"product_cat":[17],"product_tag":[],"class_list":{"0":"post-20768","1":"product","2":"type-product","3":"status-publish","4":"has-post-thumbnail","6":"product_cat-sin-categorizar","7":"desktop-align-left","8":"tablet-align-left","9":"mobile-align-left","11":"first","12":"instock","13":"shipping-taxable","14":"purchasable","15":"product-type-variable"},"_links":{"self":[{"href":"https:\/\/samsha.es\/index.php\/wp-json\/wp\/v2\/product\/20768","targetHints":{"allow":["GET"]}}],"collection":[{"href":"https:\/\/samsha.es\/index.php\/wp-json\/wp\/v2\/product"}],"about":[{"href":"https:\/\/samsha.es\/index.php\/wp-json\/wp\/v2\/types\/product"}],"wp:featuredmedia":[{"embeddable":true,"href":"https:\/\/samsha.es\/index.php\/wp-json\/wp\/v2\/media\/20973"}],"wp:attachment":[{"href":"https:\/\/samsha.es\/index.php\/wp-json\/wp\/v2\/media?parent=20768"}],"wp:term":[{"taxonomy":"product_brand","embeddable":true,"href":"https:\/\/samsha.es\/index.php\/wp-json\/wp\/v2\/product_brand?post=20768"},{"taxonomy":"product_cat","embeddable":true,"href":"https:\/\/samsha.es\/index.php\/wp-json\/wp\/v2\/product_cat?post=20768"},{"taxonomy":"product_tag","embeddable":true,"href":"https:\/\/samsha.es\/index.php\/wp-json\/wp\/v2\/product_tag?post=20768"}],"curies":[{"name":"wp","href":"https:\/\/api.w.org\/{rel}","templated":true}]}}