{"id":114,"date":"2020-07-16T04:16:25","date_gmt":"2020-07-16T02:16:25","guid":{"rendered":"https:\/\/samsha.es\/new42022\/index.php\/about-us\/"},"modified":"2025-08-06T23:28:38","modified_gmt":"2025-08-06T21:28:38","slug":"experienca","status":"publish","type":"page","link":"https:\/\/samsha.es\/index.php\/experienca\/","title":{"rendered":"La experiencia"},"content":{"rendered":"\t\t<div data-elementor-type=\"wp-page\" data-elementor-id=\"114\" class=\"elementor elementor-114\" data-elementor-post-type=\"page\">\n\t\t\t\t\t\t<section class=\"elementor-section elementor-top-section elementor-element elementor-element-bd442b4 elementor-section-boxed elementor-section-height-default elementor-section-height-default\" data-id=\"bd442b4\" data-element_type=\"section\" data-settings=\"{&quot;background_background&quot;:&quot;classic&quot;}\">\n\t\t\t\t\t\t\t<div class=\"elementor-background-overlay\"><\/div>\n\t\t\t\t\t\t\t<div class=\"elementor-container elementor-column-gap-no\">\n\t\t\t\t\t<div class=\"elementor-column elementor-col-100 elementor-top-column elementor-element elementor-element-e8732b9\" data-id=\"e8732b9\" data-element_type=\"column\">\n\t\t\t<div class=\"elementor-widget-wrap elementor-element-populated\">\n\t\t\t\t\t\t<div class=\"elementor-element elementor-element-4179f02 elementor-widget elementor-widget-heading\" data-id=\"4179f02\" data-element_type=\"widget\" data-widget_type=\"heading.default\">\n\t\t\t\t<div class=\"elementor-widget-container\">\n\t\t\t\t\t<h1 class=\"elementor-heading-title elementor-size-default\">LA EXPERIENCIA<\/h1>\t\t\t\t<\/div>\n\t\t\t\t<\/div>\n\t\t\t\t<div class=\"elementor-element elementor-element-9976b09 animated-slow elementor-invisible elementor-widget elementor-widget-image\" data-id=\"9976b09\" data-element_type=\"widget\" data-settings=\"{&quot;_animation&quot;:&quot;bounceInDown&quot;}\" data-widget_type=\"image.default\">\n\t\t\t\t<div class=\"elementor-widget-container\">\n\t\t\t\t\t\t\t\t\t\t\t\t\t\t\t<img decoding=\"async\" width=\"150\" height=\"150\" src=\"https:\/\/samsha.es\/wp-content\/uploads\/2025\/08\/flecha-150x150.png\" class=\"attachment-thumbnail size-thumbnail wp-image-21826\" alt=\"\" srcset=\"https:\/\/samsha.es\/wp-content\/uploads\/2025\/08\/flecha-150x150.png 150w, https:\/\/samsha.es\/wp-content\/uploads\/2025\/08\/flecha-100x100.png 100w\" sizes=\"(max-width: 150px) 100vw, 150px\" \/>\t\t\t\t\t\t\t\t\t\t\t\t\t\t\t<\/div>\n\t\t\t\t<\/div>\n\t\t\t\t\t<\/div>\n\t\t<\/div>\n\t\t\t\t\t<\/div>\n\t\t<\/section>\n\t\t\t\t<section class=\"elementor-section elementor-top-section elementor-element elementor-element-f71bb75 animated-slow elementor-section-boxed elementor-section-height-default elementor-section-height-default elementor-invisible\" data-id=\"f71bb75\" data-element_type=\"section\" data-settings=\"{&quot;animation&quot;:&quot;bounceIn&quot;}\">\n\t\t\t\t\t\t<div class=\"elementor-container elementor-column-gap-no\">\n\t\t\t\t\t<div class=\"elementor-column elementor-col-100 elementor-top-column elementor-element elementor-element-3d8a226\" data-id=\"3d8a226\" data-element_type=\"column\">\n\t\t\t<div class=\"elementor-widget-wrap elementor-element-populated\">\n\t\t\t\t\t\t<div class=\"elementor-element elementor-element-14ae2b6 elementor-widget elementor-widget-heading\" data-id=\"14ae2b6\" data-element_type=\"widget\" data-widget_type=\"heading.default\">\n\t\t\t\t<div class=\"elementor-widget-container\">\n\t\t\t\t\t<h2 class=\"elementor-heading-title elementor-size-default\">LA EXPERIENCIA SAMSHA el quinto elemento<\/h2>\t\t\t\t<\/div>\n\t\t\t\t<\/div>\n\t\t\t\t<div class=\"elementor-element elementor-element-968508f elementor-widget elementor-widget-text-editor\" data-id=\"968508f\" data-element_type=\"widget\" data-widget_type=\"text-editor.default\">\n\t\t\t\t<div class=\"elementor-widget-container\">\n\t\t\t\t\t\t\t\t\t<p><!--StartFragment --><\/p><p><img decoding=\"async\" class=\"emoji\" role=\"img\" draggable=\"false\" src=\"https:\/\/s.w.org\/images\/core\/emoji\/16.0.1\/svg\/1f31f.svg\" alt=\"\ud83c\udf1f\" \/> <strong>SAMSHA celebra 20 a\u00f1os con una experiencia que desaf\u00eda los sentidos<\/strong> <img decoding=\"async\" class=\"emoji\" role=\"img\" draggable=\"false\" src=\"https:\/\/s.w.org\/images\/core\/emoji\/16.0.1\/svg\/1f31f.svg\" alt=\"\ud83c\udf1f\" \/><\/p><p>En 2025, SAMSHA cumple dos d\u00e9cadas de innovaci\u00f3n y magia\u2026 \u00a1y lo celebra por todo lo alto con su 5\u00ba show! Esta vez, el homenaje es para los <strong>Elementos de la Naturaleza<\/strong>, en una propuesta que va m\u00e1s all\u00e1 de lo gastron\u00f3mico: <strong>una traves\u00eda sensorial que te conectar\u00e1 con lo esencial<\/strong>.<\/p><p><img decoding=\"async\" class=\"emoji\" role=\"img\" draggable=\"false\" src=\"https:\/\/s.w.org\/images\/core\/emoji\/16.0.1\/svg\/1f525.svg\" alt=\"\ud83d\udd25\" \/><img decoding=\"async\" class=\"emoji\" role=\"img\" draggable=\"false\" src=\"https:\/\/s.w.org\/images\/core\/emoji\/16.0.1\/svg\/1f4a7.svg\" alt=\"\ud83d\udca7\" \/><img decoding=\"async\" class=\"emoji\" role=\"img\" draggable=\"false\" src=\"https:\/\/s.w.org\/images\/core\/emoji\/16.0.1\/svg\/1f32c.svg\" alt=\"\ud83c\udf2c\ufe0f\" \/><img decoding=\"async\" class=\"emoji\" role=\"img\" draggable=\"false\" src=\"https:\/\/s.w.org\/images\/core\/emoji\/16.0.1\/svg\/1f30d.svg\" alt=\"\ud83c\udf0d\" \/> \u00bfCu\u00e1l es el misterioso Quinto Elemento?<br \/>Ese ser\u00e1 el hilo conductor de esta nueva experiencia, donde cada plato, cada aroma, cada sonido y cada textura te sumergir\u00e1 en un universo distinto. <strong>No es solo una cena, es un viaje emocional, visual y tecnol\u00f3gico<\/strong> que te har\u00e1 vibrar desde el primer instante.<\/p><p><img decoding=\"async\" class=\"emoji\" role=\"img\" draggable=\"false\" src=\"https:\/\/s.w.org\/images\/core\/emoji\/16.0.1\/svg\/2728.svg\" alt=\"\u2728\" \/> Nuevas tecnolog\u00edas, escenograf\u00edas envolventes, sabores que cuentan historias y una puesta en escena que te dejar\u00e1 sin aliento.<br \/><strong>Que no te lo cuenten\u2026 s\u00e9 parte de esta experiencia irrepetible. \u00a1V\u00edvela!<\/strong><\/p><p><!--EndFragment --><\/p>\t\t\t\t\t\t\t\t<\/div>\n\t\t\t\t<\/div>\n\t\t\t\t<div class=\"elementor-element elementor-element-74128e0 elementor-align-center elementor-widget elementor-widget-button\" data-id=\"74128e0\" data-element_type=\"widget\" data-widget_type=\"button.default\">\n\t\t\t\t<div class=\"elementor-widget-container\">\n\t\t\t\t\t\t\t\t\t<div class=\"elementor-button-wrapper\">\n\t\t\t\t\t<a class=\"elementor-button elementor-button-link elementor-size-sm elementor-animation-pulse\" href=\"https:\/\/samsha.es\/index.php\/producto\/reserva-en-samsha-quinto-elemento\/\">\n\t\t\t\t\t\t<span class=\"elementor-button-content-wrapper\">\n\t\t\t\t\t\t\t\t\t<span class=\"elementor-button-text\">Reserva ahora<\/span>\n\t\t\t\t\t<\/span>\n\t\t\t\t\t<\/a>\n\t\t\t\t<\/div>\n\t\t\t\t\t\t\t\t<\/div>\n\t\t\t\t<\/div>\n\t\t\t\t<div class=\"elementor-element elementor-element-997220b animated-slow elementor-invisible elementor-widget elementor-widget-image\" data-id=\"997220b\" data-element_type=\"widget\" data-settings=\"{&quot;_animation&quot;:&quot;bounceInUp&quot;}\" data-widget_type=\"image.default\">\n\t\t\t\t<div class=\"elementor-widget-container\">\n\t\t\t\t\t\t\t\t\t\t\t\t\t\t\t<img fetchpriority=\"high\" decoding=\"async\" width=\"1024\" height=\"1024\" src=\"https:\/\/samsha.es\/wp-content\/uploads\/2025\/08\/samsha522.png\" class=\"attachment-large size-large wp-image-21819\" alt=\"\" srcset=\"https:\/\/samsha.es\/wp-content\/uploads\/2025\/08\/samsha522.png 1024w, https:\/\/samsha.es\/wp-content\/uploads\/2025\/08\/samsha522-300x300.png 300w, https:\/\/samsha.es\/wp-content\/uploads\/2025\/08\/samsha522-150x150.png 150w, https:\/\/samsha.es\/wp-content\/uploads\/2025\/08\/samsha522-768x768.png 768w, https:\/\/samsha.es\/wp-content\/uploads\/2025\/08\/samsha522-600x600.png 600w, https:\/\/samsha.es\/wp-content\/uploads\/2025\/08\/samsha522-100x100.png 100w\" sizes=\"(max-width: 1024px) 100vw, 1024px\" \/>\t\t\t\t\t\t\t\t\t\t\t\t\t\t\t<\/div>\n\t\t\t\t<\/div>\n\t\t\t\t\t<\/div>\n\t\t<\/div>\n\t\t\t\t\t<\/div>\n\t\t<\/section>\n\t\t\t\t<\/div>\n\t\t","protected":false},"excerpt":{"rendered":"<p>LA EXPERIENCIA LA EXPERIENCIA SAMSHA el quinto elemento SAMSHA celebra 20 a\u00f1os con una experiencia que desaf\u00eda los sentidos En 2025, SAMSHA cumple dos d\u00e9cadas de innovaci\u00f3n y magia\u2026 \u00a1y lo celebra por todo lo alto con su 5\u00ba show! Esta vez, el homenaje es para los Elementos de la Naturaleza, en una propuesta que [&hellip;]<\/p>\n","protected":false},"author":1,"featured_media":0,"parent":0,"menu_order":0,"comment_status":"closed","ping_status":"closed","template":"","meta":{"site-sidebar-layout":"no-sidebar","site-content-layout":"page-builder","ast-site-content-layout":"default","site-content-style":"default","site-sidebar-style":"default","ast-global-header-display":"","ast-banner-title-visibility":"","ast-main-header-display":"","ast-hfb-above-header-display":"","ast-hfb-below-header-display":"","ast-hfb-mobile-header-display":"","site-post-title":"disabled","ast-breadcrumbs-content":"","ast-featured-img":"disabled","footer-sml-layout":"","theme-transparent-header-meta":"enabled","adv-header-id-meta":"","stick-header-meta":"","header-above-stick-meta":"","header-main-stick-meta":"","header-below-stick-meta":"","astra-migrate-meta-layouts":"default","ast-page-background-enabled":"default","ast-page-background-meta":{"desktop":{"background-color":"","background-image":"","background-repeat":"repeat","background-position":"center center","background-size":"auto","background-attachment":"scroll","background-type":"","background-media":"","overlay-type":"","overlay-color":"","overlay-opacity":"","overlay-gradient":""},"tablet":{"background-color":"","background-image":"","background-repeat":"repeat","background-position":"center center","background-size":"auto","background-attachment":"scroll","background-type":"","background-media":"","overlay-type":"","overlay-color":"","overlay-opacity":"","overlay-gradient":""},"mobile":{"background-color":"","background-image":"","background-repeat":"repeat","background-position":"center center","background-size":"auto","background-attachment":"scroll","background-type":"","background-media":"","overlay-type":"","overlay-color":"","overlay-opacity":"","overlay-gradient":""}},"ast-content-background-meta":{"desktop":{"background-color":"var(--ast-global-color-5)","background-image":"","background-repeat":"repeat","background-position":"center center","background-size":"auto","background-attachment":"scroll","background-type":"","background-media":"","overlay-type":"","overlay-color":"","overlay-opacity":"","overlay-gradient":""},"tablet":{"background-color":"var(--ast-global-color-5)","background-image":"","background-repeat":"repeat","background-position":"center center","background-size":"auto","background-attachment":"scroll","background-type":"","background-media":"","overlay-type":"","overlay-color":"","overlay-opacity":"","overlay-gradient":""},"mobile":{"background-color":"var(--ast-global-color-5)","background-image":"","background-repeat":"repeat","background-position":"center center","background-size":"auto","background-attachment":"scroll","background-type":"","background-media":"","overlay-type":"","overlay-color":"","overlay-opacity":"","overlay-gradient":""}},"footnotes":""},"class_list":["post-114","page","type-page","status-publish","hentry"],"_links":{"self":[{"href":"https:\/\/samsha.es\/index.php\/wp-json\/wp\/v2\/pages\/114","targetHints":{"allow":["GET"]}}],"collection":[{"href":"https:\/\/samsha.es\/index.php\/wp-json\/wp\/v2\/pages"}],"about":[{"href":"https:\/\/samsha.es\/index.php\/wp-json\/wp\/v2\/types\/page"}],"author":[{"embeddable":true,"href":"https:\/\/samsha.es\/index.php\/wp-json\/wp\/v2\/users\/1"}],"replies":[{"embeddable":true,"href":"https:\/\/samsha.es\/index.php\/wp-json\/wp\/v2\/comments?post=114"}],"version-history":[{"count":86,"href":"https:\/\/samsha.es\/index.php\/wp-json\/wp\/v2\/pages\/114\/revisions"}],"predecessor-version":[{"id":21832,"href":"https:\/\/samsha.es\/index.php\/wp-json\/wp\/v2\/pages\/114\/revisions\/21832"}],"wp:attachment":[{"href":"https:\/\/samsha.es\/index.php\/wp-json\/wp\/v2\/media?parent=114"}],"curies":[{"name":"wp","href":"https:\/\/api.w.org\/{rel}","templated":true}]}}